{"id":128,"date":"2023-01-10T16:59:05","date_gmt":"2023-01-10T20:59:05","guid":{"rendered":"https:\/\/ikomsoft.com\/blog\/?page_id=128"},"modified":"2023-09-06T17:14:48","modified_gmt":"2023-09-06T21:14:48","slug":"consultar-informacion-el-historial-de-un-cliente-en-ikomsoft","status":"publish","type":"page","link":"https:\/\/ikomsoft.com\/blog\/consultar-informacion-el-historial-de-un-cliente-en-ikomsoft\/","title":{"rendered":"Consultar informaci\u00f3n e historial de un cliente en IKOMSOFT"},"content":{"rendered":"\n<figure class=\"wp-block-embed is-type-video is-provider-youtube wp-block-embed-youtube wp-embed-aspect-16-9 wp-has-aspect-ratio\"><div class=\"wp-block-embed__wrapper\">\n<iframe loading=\"lazy\" title=\"Consultar informaci\u00f3n e historial de un cliente en IKOMSOFT\" width=\"678\" height=\"381\" src=\"https:\/\/www.youtube.com\/embed\/pp8sZKdf5oo?feature=oembed\" frameborder=\"0\" allow=\"accelerometer; autoplay; clipboard-write; encrypted-media; gyroscope; picture-in-picture; web-share\" allowfullscreen><\/iframe>\n<\/div><\/figure>\n\n\n\n<p>Somos una empresa que ofrece soluciones de env\u00edos de encomiendas. Si est\u00e1s utilizando una de nuestras aplicaciones, es probable que necesites consultar el historial de un cliente.<\/p>\n\n\n\n<p>Para consultar el historial de un cliente espec\u00edfico, puedes seguir estos pasos:<\/p>\n\n\n\n<ol class=\"wp-block-list\">\n<li>Accede a la secci\u00f3n de clientes en el men\u00fa principal.<\/li>\n\n\n\n<li>Busca y selecciona al cliente del cual quieres ver el historial.<\/li>\n\n\n\n<li>Una vez seleccionado el cliente, deber\u00e1s pulsar sobre el c\u00f3digo del cliente situado al lado izquierdo. esto te permite ver informaci\u00f3n relacionada con ese cliente, como sus datos de contacto, historial de facturas, pagos, recogidas, mensajes, reclamaciones y otros detalles relevantes.<\/li>\n<\/ol>\n\n\n\n<p>Si tienes dificultades y necesitas ayuda, puede ponerse en contacto con nuestro departamento de soporte.<\/p>\n","protected":false},"excerpt":{"rendered":"<p>Somos una empresa que ofrece soluciones de env\u00edos de encomiendas. Si est\u00e1s utilizando una de nuestras aplicaciones, es probable que necesites consultar el historial de un cliente. Para consultar el historial de un cliente espec\u00edfico, puedes seguir estos pasos: Si tienes dificultades y necesitas ayuda, puede ponerse en contacto con nuestro departamento de soporte.<\/p>\n","protected":false},"author":1,"featured_media":0,"parent":0,"menu_order":0,"comment_status":"closed","ping_status":"closed","template":"","meta":{"footnotes":""},"class_list":["post-128","page","type-page","status-publish","hentry"],"_links":{"self":[{"href":"https:\/\/ikomsoft.com\/blog\/wp-json\/wp\/v2\/pages\/128","targetHints":{"allow":["GET"]}}],"collection":[{"href":"https:\/\/ikomsoft.com\/blog\/wp-json\/wp\/v2\/pages"}],"about":[{"href":"https:\/\/ikomsoft.com\/blog\/wp-json\/wp\/v2\/types\/page"}],"author":[{"embeddable":true,"href":"https:\/\/ikomsoft.com\/blog\/wp-json\/wp\/v2\/users\/1"}],"replies":[{"embeddable":true,"href":"https:\/\/ikomsoft.com\/blog\/wp-json\/wp\/v2\/comments?post=128"}],"version-history":[{"count":6,"href":"https:\/\/ikomsoft.com\/blog\/wp-json\/wp\/v2\/pages\/128\/revisions"}],"predecessor-version":[{"id":641,"href":"https:\/\/ikomsoft.com\/blog\/wp-json\/wp\/v2\/pages\/128\/revisions\/641"}],"wp:attachment":[{"href":"https:\/\/ikomsoft.com\/blog\/wp-json\/wp\/v2\/media?parent=128"}],"curies":[{"name":"wp","href":"https:\/\/api.w.org\/{rel}","templated":true}]}}