{"id":130,"date":"2023-01-10T17:01:22","date_gmt":"2023-01-10T21:01:22","guid":{"rendered":"https:\/\/ikomsoft.com\/blog\/?page_id=130"},"modified":"2023-09-11T12:00:34","modified_gmt":"2023-09-11T16:00:34","slug":"busca-un-cliente-en-ikomsoft","status":"publish","type":"page","link":"https:\/\/ikomsoft.com\/blog\/busca-un-cliente-en-ikomsoft\/","title":{"rendered":"C\u00f3mo buscar un cliente en ikomsoft?"},"content":{"rendered":"\n<figure class=\"wp-block-embed is-type-video is-provider-youtube wp-block-embed-youtube wp-embed-aspect-16-9 wp-has-aspect-ratio\"><div class=\"wp-block-embed__wrapper\">\n<iframe loading=\"lazy\" title=\"Como buscar un cliente en ikomsoft\" width=\"678\" height=\"381\" src=\"https:\/\/www.youtube.com\/embed\/o7dcbDkJLN0?feature=oembed\" frameborder=\"0\" allow=\"accelerometer; autoplay; clipboard-write; encrypted-media; gyroscope; picture-in-picture; web-share\" allowfullscreen><\/iframe>\n<\/div><\/figure>\n\n\n\n<p>Buscar un cliente en nuestro sistema de gesti\u00f3n de env\u00edos ikomsoft es bastante sencillo. Puedes seguir estos pasos para buscar un cliente espec\u00edfico:<\/p>\n\n\n\n<ol class=\"wp-block-list\">\n<li>Accede a la secci\u00f3n de clientes en el men\u00fa principal.<\/li>\n\n\n\n<li>Haz clic en el campo de b\u00fasqueda y escribe el nombre o el n\u00famero de identificaci\u00f3n del cliente que est\u00e1s buscando.<\/li>\n\n\n\n<li>Pulsa enter o haga clic en el boton \u00abBuscar\u00bb<\/li>\n<\/ol>\n\n\n\n<p>Si el cliente se encuentra en la base de datos, se mostrar\u00e1 en los resultados de b\u00fasqueda.<br>Si necesitas ayuda para buscar un cliente puede ponerse en contacto con nuestro departamento de soporte.<\/p>\n","protected":false},"excerpt":{"rendered":"<p>Buscar un cliente en nuestro sistema de gesti\u00f3n de env\u00edos ikomsoft es bastante sencillo. Puedes seguir estos pasos para buscar un cliente espec\u00edfico: Si el cliente se encuentra en la base de datos, se mostrar\u00e1 en los resultados de b\u00fasqueda.Si necesitas ayuda para buscar un cliente puede ponerse en contacto con nuestro departamento de soporte.<\/p>\n","protected":false},"author":1,"featured_media":0,"parent":0,"menu_order":0,"comment_status":"closed","ping_status":"closed","template":"","meta":{"footnotes":""},"class_list":["post-130","page","type-page","status-publish","hentry"],"_links":{"self":[{"href":"https:\/\/ikomsoft.com\/blog\/wp-json\/wp\/v2\/pages\/130","targetHints":{"allow":["GET"]}}],"collection":[{"href":"https:\/\/ikomsoft.com\/blog\/wp-json\/wp\/v2\/pages"}],"about":[{"href":"https:\/\/ikomsoft.com\/blog\/wp-json\/wp\/v2\/types\/page"}],"author":[{"embeddable":true,"href":"https:\/\/ikomsoft.com\/blog\/wp-json\/wp\/v2\/users\/1"}],"replies":[{"embeddable":true,"href":"https:\/\/ikomsoft.com\/blog\/wp-json\/wp\/v2\/comments?post=130"}],"version-history":[{"count":7,"href":"https:\/\/ikomsoft.com\/blog\/wp-json\/wp\/v2\/pages\/130\/revisions"}],"predecessor-version":[{"id":667,"href":"https:\/\/ikomsoft.com\/blog\/wp-json\/wp\/v2\/pages\/130\/revisions\/667"}],"wp:attachment":[{"href":"https:\/\/ikomsoft.com\/blog\/wp-json\/wp\/v2\/media?parent=130"}],"curies":[{"name":"wp","href":"https:\/\/api.w.org\/{rel}","templated":true}]}}